{"id":16,"date":"2015-12-21T16:44:27","date_gmt":"2015-12-21T16:44:27","guid":{"rendered":"http:\/\/www.gaiarestauracion.com\/empresa\/?page_id=16"},"modified":"2025-03-05T16:16:47","modified_gmt":"2025-03-05T16:16:47","slug":"metales","status":"publish","type":"page","link":"https:\/\/www.gaiarestauracion.com\/empresa\/metales\/","title":{"rendered":"Restauraci\u00f3n de metales y orfebrer\u00eda"},"content":{"rendered":"<div class=\"wpb-content-wrapper\">[vc_row][vc_column]<style>.vcex-heading.vcex_69f9cf506ff08{font-family:'Trebuchet MS', Helvetica, sans-serif;font-weight:400;line-height:110%;}<\/style><div class=\"vcex-heading vcex-heading-plain vcex-module wpex-heading wpex-text-2xl wpex-text-left wpex-italic vcex_69f9cf506ff08\"><span class=\"vcex-heading-inner wpex-block\"><span class=\"wpex-responsive-txt\" data-max-font-size=\"41\" data-data-min-font-size=\"26\">La nobleza de un material<\/span><\/span><\/div>[\/vc_column][\/vc_row][vc_row][vc_column width=\u00bb1\/2&#8243;][vc_column_text]\n<ul>\n<li><strong>Restauraci\u00f3n de custodias, cruces procesionales, objetos arqueol\u00f3gicos y etnol\u00f3gicos, etc:<\/strong><\/li>\n<\/ul>\n<p>Es necesario conocer en profundidad la naturaleza de este tipo de materiales y sus patolog\u00edas espec\u00edficas para poder abordar su intervenci\u00f3n restauradora de la manera m\u00e1s respetuosa y eficaz posible, recuperando as\u00ed parte de nuestra propia historia.<\/p>\n<ul>\n<li><strong>Plata, oro, lat\u00f3n, bronce y esta\u00f1o:<\/strong><\/li>\n<\/ul>\n<p>Gaia se ocupa de la recuperaci\u00f3n de objetos met\u00e1licos\u00a0\u00a0tanto de piezas de car\u00e1cter art\u00edstico como esculturas, as\u00ed como objetos met\u00e1licos de origen arqueol\u00f3gico, o piezas de orfebrer\u00eda, etc.\u00a0Tratando metales\u00a0como el oro, la plata, el cobre, el bronce, el plomo, etc.<\/p>\n[\/vc_column_text][\/vc_column][vc_column width=\u00bb1\/2&#8243;][vc_column_text css=\u00bb\u00bb]<figure class=\"vcex-image vcex-module\"><div class=\"vcex-image-inner wpex-relative wpex-inline-block\"><img width=\"737\" height=\"567\" src=\"https:\/\/www.gaiarestauracion.com\/empresa\/wp-content\/uploads\/15-Empresa-de-restauraci\u00f3n-de-metales.jpg\" class=\"vcex-image-img wpex-align-middle\" alt=\"\" loading=\"lazy\" decoding=\"async\" srcset=\"https:\/\/www.gaiarestauracion.com\/empresa\/wp-content\/uploads\/15-Empresa-de-restauraci\u00f3n-de-metales.jpg 737w, https:\/\/www.gaiarestauracion.com\/empresa\/wp-content\/uploads\/15-Empresa-de-restauraci\u00f3n-de-metales-300x231.jpg 300w\" sizes=\"(max-width: 737px) 100vw, 737px\" title=\"\"><\/div><\/figure>[\/vc_column_text][\/vc_column][\/vc_row][vc_row][vc_column]<div class=\"vcex-heading vcex-heading-plain vcex-module wpex-heading wpex-text-2xl\"><span class=\"vcex-heading-inner wpex-inline-block\">Curriculum en restauraci\u00f3n de objetos met\u00e1licos:<\/span><\/div>[\/vc_column][\/vc_row][vc_row][vc_column][vc_column_text]<u>Gaia<\/u> ha restaurado desde balanzas romanas del museo de Sagunto, frontales de altares labrados en plata como el de San Andr\u00e9s en Valencia, arcas barrocas (Orihuela),\u00a0 p\u00falpitos met\u00e1licos, falcatas ib\u00e9ricas, etc.<\/p>\n<p>Puedes encontrar todos estos trabajos y m\u00e1s en nuestro curr\u00edculum profesional integrado en esta web.[\/vc_column_text][\/vc_column][\/vc_row][vc_row][vc_column]<div class=\"vcex-heading vcex-heading-plain vcex-module wpex-heading wpex-text-2xl\"><span class=\"vcex-heading-inner wpex-inline-block\">Galer\u00eda de obras restauradas:<\/span><\/div>[\/vc_column][\/vc_row][vc_row][vc_column]<div class=\"wpex-slider-preloaderimg wpex-relative\"><img data-no-lazy=\"1\" class=\"skip-lazy\" src=\"https:\/\/www.gaiarestauracion.com\/empresa\/wp-content\/uploads\/13-Empresa-de-restauraci\u00f3n-de-metales-520x400.jpg\" alt=\"\" srcset=\"https:\/\/www.gaiarestauracion.com\/empresa\/wp-content\/uploads\/13-Empresa-de-restauraci\u00f3n-de-metales-520x400.jpg 520w, https:\/\/www.gaiarestauracion.com\/empresa\/wp-content\/uploads\/13-Empresa-de-restauraci\u00f3n-de-metales-300x231.jpg 300w, https:\/\/www.gaiarestauracion.com\/empresa\/wp-content\/uploads\/13-Empresa-de-restauraci\u00f3n-de-metales.jpg 737w\" width=\"520\" height=\"400\" title=\"\"><\/div><div class=\"vcex-image-slider vcex-module wpex-slider slider-pro wpex-clr\" data-auto-play-delay=\"5000\" data-thumbnails=\"true\" data-animation-speed=\"600\" data-height-animation-duration=\"500\" data-thumbnail-height=\"70\" data-thumbnail-width=\"70\"><div class=\"wpex-slider-slides sp-slides\"><div class=\"wpex-slider-slide sp-slide\"><div class=\"wpex-slider-media wpex-relative\"><img data-no-lazy=\"1\" class=\"skip-lazy\" src=\"https:\/\/www.gaiarestauracion.com\/empresa\/wp-content\/uploads\/13-Empresa-de-restauraci\u00f3n-de-metales-520x400.jpg\" alt=\"\" srcset=\"https:\/\/www.gaiarestauracion.com\/empresa\/wp-content\/uploads\/13-Empresa-de-restauraci\u00f3n-de-metales-520x400.jpg 520w, https:\/\/www.gaiarestauracion.com\/empresa\/wp-content\/uploads\/13-Empresa-de-restauraci\u00f3n-de-metales-300x231.jpg 300w, https:\/\/www.gaiarestauracion.com\/empresa\/wp-content\/uploads\/13-Empresa-de-restauraci\u00f3n-de-metales.jpg 737w\" width=\"520\" height=\"400\" title=\"\"><\/div><\/div><div class=\"wpex-slider-slide sp-slide\"><div class=\"wpex-slider-media wpex-relative\"><img data-no-lazy=\"1\" class=\"skip-lazy\" src=\"https:\/\/www.gaiarestauracion.com\/empresa\/wp-content\/uploads\/1-Empresa-de-restauraci\u00f3n-de-metales-520x400.jpg\" alt=\"\" srcset=\"https:\/\/www.gaiarestauracion.com\/empresa\/wp-content\/uploads\/1-Empresa-de-restauraci\u00f3n-de-metales-520x400.jpg 520w, https:\/\/www.gaiarestauracion.com\/empresa\/wp-content\/uploads\/1-Empresa-de-restauraci\u00f3n-de-metales-300x231.jpg 300w, https:\/\/www.gaiarestauracion.com\/empresa\/wp-content\/uploads\/1-Empresa-de-restauraci\u00f3n-de-metales.jpg 737w\" width=\"520\" height=\"400\" title=\"\"><\/div><\/div><div class=\"wpex-slider-slide sp-slide\"><div class=\"wpex-slider-media wpex-relative\"><img data-no-lazy=\"1\" class=\"skip-lazy\" src=\"https:\/\/www.gaiarestauracion.com\/empresa\/wp-content\/uploads\/2-Empresa-de-restauraci\u00f3n-de-metales-520x400.jpg\" alt=\"\" srcset=\"https:\/\/www.gaiarestauracion.com\/empresa\/wp-content\/uploads\/2-Empresa-de-restauraci\u00f3n-de-metales-520x400.jpg 520w, https:\/\/www.gaiarestauracion.com\/empresa\/wp-content\/uploads\/2-Empresa-de-restauraci\u00f3n-de-metales-300x231.jpg 300w, https:\/\/www.gaiarestauracion.com\/empresa\/wp-content\/uploads\/2-Empresa-de-restauraci\u00f3n-de-metales.jpg 737w\" width=\"520\" height=\"400\" title=\"\"><\/div><\/div><div class=\"wpex-slider-slide sp-slide\"><div class=\"wpex-slider-media wpex-relative\"><img data-no-lazy=\"1\" class=\"skip-lazy\" src=\"https:\/\/www.gaiarestauracion.com\/empresa\/wp-content\/uploads\/3-Empresa-de-restauraci\u00f3n-de-metales-520x400.jpg\" alt=\"\" srcset=\"https:\/\/www.gaiarestauracion.com\/empresa\/wp-content\/uploads\/3-Empresa-de-restauraci\u00f3n-de-metales-520x400.jpg 520w, https:\/\/www.gaiarestauracion.com\/empresa\/wp-content\/uploads\/3-Empresa-de-restauraci\u00f3n-de-metales-300x231.jpg 300w, https:\/\/www.gaiarestauracion.com\/empresa\/wp-content\/uploads\/3-Empresa-de-restauraci\u00f3n-de-metales.jpg 737w\" width=\"520\" height=\"400\" title=\"\"><\/div><\/div><div class=\"wpex-slider-slide sp-slide\"><div class=\"wpex-slider-media wpex-relative\"><img data-no-lazy=\"1\" class=\"skip-lazy\" src=\"https:\/\/www.gaiarestauracion.com\/empresa\/wp-content\/uploads\/4-Empresa-de-restauraci\u00f3n-de-metales-520x400.jpg\" alt=\"\" srcset=\"https:\/\/www.gaiarestauracion.com\/empresa\/wp-content\/uploads\/4-Empresa-de-restauraci\u00f3n-de-metales-520x400.jpg 520w, https:\/\/www.gaiarestauracion.com\/empresa\/wp-content\/uploads\/4-Empresa-de-restauraci\u00f3n-de-metales-300x231.jpg 300w, https:\/\/www.gaiarestauracion.com\/empresa\/wp-content\/uploads\/4-Empresa-de-restauraci\u00f3n-de-metales.jpg 737w\" width=\"520\" height=\"400\" title=\"\"><\/div><\/div><div class=\"wpex-slider-slide sp-slide\"><div class=\"wpex-slider-media wpex-relative\"><img data-no-lazy=\"1\" class=\"skip-lazy\" src=\"https:\/\/www.gaiarestauracion.com\/empresa\/wp-content\/uploads\/5-Empresa-de-restauraci\u00f3n-de-metales-520x400.jpg\" alt=\"\" srcset=\"https:\/\/www.gaiarestauracion.com\/empresa\/wp-content\/uploads\/5-Empresa-de-restauraci\u00f3n-de-metales-520x400.jpg 520w, https:\/\/www.gaiarestauracion.com\/empresa\/wp-content\/uploads\/5-Empresa-de-restauraci\u00f3n-de-metales-300x231.jpg 300w, https:\/\/www.gaiarestauracion.com\/empresa\/wp-content\/uploads\/5-Empresa-de-restauraci\u00f3n-de-metales.jpg 737w\" width=\"520\" height=\"400\" title=\"\"><\/div><\/div><div class=\"wpex-slider-slide sp-slide\"><div class=\"wpex-slider-media wpex-relative\"><img data-no-lazy=\"1\" class=\"skip-lazy\" src=\"https:\/\/www.gaiarestauracion.com\/empresa\/wp-content\/uploads\/16-Empresa-de-restauraci\u00f3n-de-metales-520x400.jpg\" alt=\"\" srcset=\"https:\/\/www.gaiarestauracion.com\/empresa\/wp-content\/uploads\/16-Empresa-de-restauraci\u00f3n-de-metales-520x400.jpg 520w, https:\/\/www.gaiarestauracion.com\/empresa\/wp-content\/uploads\/16-Empresa-de-restauraci\u00f3n-de-metales-300x231.jpg 300w, https:\/\/www.gaiarestauracion.com\/empresa\/wp-content\/uploads\/16-Empresa-de-restauraci\u00f3n-de-metales.jpg 737w\" width=\"520\" height=\"400\" title=\"\"><\/div><\/div><div class=\"wpex-slider-slide sp-slide\"><div class=\"wpex-slider-media wpex-relative\"><img data-no-lazy=\"1\" class=\"skip-lazy\" src=\"https:\/\/www.gaiarestauracion.com\/empresa\/wp-content\/uploads\/8-Empresa-de-restauraci\u00f3n-de-metales-520x400.jpg\" alt=\"\" srcset=\"https:\/\/www.gaiarestauracion.com\/empresa\/wp-content\/uploads\/8-Empresa-de-restauraci\u00f3n-de-metales-520x400.jpg 520w, https:\/\/www.gaiarestauracion.com\/empresa\/wp-content\/uploads\/8-Empresa-de-restauraci\u00f3n-de-metales-300x231.jpg 300w, https:\/\/www.gaiarestauracion.com\/empresa\/wp-content\/uploads\/8-Empresa-de-restauraci\u00f3n-de-metales.jpg 737w\" width=\"520\" height=\"400\" title=\"\"><\/div><\/div><div class=\"wpex-slider-slide sp-slide\"><div class=\"wpex-slider-media wpex-relative\"><img data-no-lazy=\"1\" class=\"skip-lazy\" src=\"https:\/\/www.gaiarestauracion.com\/empresa\/wp-content\/uploads\/6-Empresa-de-restauraci\u00f3n-de-metales-520x400.jpg\" alt=\"\" srcset=\"https:\/\/www.gaiarestauracion.com\/empresa\/wp-content\/uploads\/6-Empresa-de-restauraci\u00f3n-de-metales-520x400.jpg 520w, https:\/\/www.gaiarestauracion.com\/empresa\/wp-content\/uploads\/6-Empresa-de-restauraci\u00f3n-de-metales-300x231.jpg 300w, https:\/\/www.gaiarestauracion.com\/empresa\/wp-content\/uploads\/6-Empresa-de-restauraci\u00f3n-de-metales.jpg 737w\" width=\"520\" height=\"400\" title=\"\"><\/div><\/div><div class=\"wpex-slider-slide sp-slide\"><div class=\"wpex-slider-media wpex-relative\"><img data-no-lazy=\"1\" class=\"skip-lazy\" src=\"https:\/\/www.gaiarestauracion.com\/empresa\/wp-content\/uploads\/7-Empresa-de-restauraci\u00f3n-de-metales-520x400.jpg\" alt=\"\" srcset=\"https:\/\/www.gaiarestauracion.com\/empresa\/wp-content\/uploads\/7-Empresa-de-restauraci\u00f3n-de-metales-520x400.jpg 520w, https:\/\/www.gaiarestauracion.com\/empresa\/wp-content\/uploads\/7-Empresa-de-restauraci\u00f3n-de-metales-300x231.jpg 300w, https:\/\/www.gaiarestauracion.com\/empresa\/wp-content\/uploads\/7-Empresa-de-restauraci\u00f3n-de-metales.jpg 737w\" width=\"520\" height=\"400\" title=\"\"><\/div><\/div><div class=\"wpex-slider-slide sp-slide\"><div class=\"wpex-slider-media wpex-relative\"><img data-no-lazy=\"1\" class=\"skip-lazy\" src=\"https:\/\/www.gaiarestauracion.com\/empresa\/wp-content\/uploads\/9-Empresa-de-restauraci\u00f3n-de-metales-520x400.jpg\" alt=\"\" srcset=\"https:\/\/www.gaiarestauracion.com\/empresa\/wp-content\/uploads\/9-Empresa-de-restauraci\u00f3n-de-metales-520x400.jpg 520w, https:\/\/www.gaiarestauracion.com\/empresa\/wp-content\/uploads\/9-Empresa-de-restauraci\u00f3n-de-metales-300x231.jpg 300w, https:\/\/www.gaiarestauracion.com\/empresa\/wp-content\/uploads\/9-Empresa-de-restauraci\u00f3n-de-metales.jpg 737w\" width=\"520\" height=\"400\" title=\"\"><\/div><\/div><div class=\"wpex-slider-slide sp-slide\"><div class=\"wpex-slider-media wpex-relative\"><img data-no-lazy=\"1\" class=\"skip-lazy\" src=\"https:\/\/www.gaiarestauracion.com\/empresa\/wp-content\/uploads\/10-Empresa-de-restauraci\u00f3n-de-metales-520x400.jpg\" alt=\"\" srcset=\"https:\/\/www.gaiarestauracion.com\/empresa\/wp-content\/uploads\/10-Empresa-de-restauraci\u00f3n-de-metales-520x400.jpg 520w, https:\/\/www.gaiarestauracion.com\/empresa\/wp-content\/uploads\/10-Empresa-de-restauraci\u00f3n-de-metales-300x231.jpg 300w, https:\/\/www.gaiarestauracion.com\/empresa\/wp-content\/uploads\/10-Empresa-de-restauraci\u00f3n-de-metales.jpg 737w\" width=\"520\" height=\"400\" title=\"\"><\/div><\/div><div class=\"wpex-slider-slide sp-slide\"><div class=\"wpex-slider-media wpex-relative\"><img data-no-lazy=\"1\" class=\"skip-lazy\" src=\"https:\/\/www.gaiarestauracion.com\/empresa\/wp-content\/uploads\/11-Empresa-de-restauraci\u00f3n-de-metales-520x400.jpg\" alt=\"\" srcset=\"https:\/\/www.gaiarestauracion.com\/empresa\/wp-content\/uploads\/11-Empresa-de-restauraci\u00f3n-de-metales-520x400.jpg 520w, https:\/\/www.gaiarestauracion.com\/empresa\/wp-content\/uploads\/11-Empresa-de-restauraci\u00f3n-de-metales-300x231.jpg 300w, https:\/\/www.gaiarestauracion.com\/empresa\/wp-content\/uploads\/11-Empresa-de-restauraci\u00f3n-de-metales.jpg 737w\" width=\"520\" height=\"400\" title=\"\"><\/div><\/div><div class=\"wpex-slider-slide sp-slide\"><div class=\"wpex-slider-media wpex-relative\"><img data-no-lazy=\"1\" class=\"skip-lazy\" src=\"https:\/\/www.gaiarestauracion.com\/empresa\/wp-content\/uploads\/12-Empresa-de-restauraci\u00f3n-de-metales-520x400.jpg\" alt=\"\" srcset=\"https:\/\/www.gaiarestauracion.com\/empresa\/wp-content\/uploads\/12-Empresa-de-restauraci\u00f3n-de-metales-520x400.jpg 520w, https:\/\/www.gaiarestauracion.com\/empresa\/wp-content\/uploads\/12-Empresa-de-restauraci\u00f3n-de-metales-300x231.jpg 300w, https:\/\/www.gaiarestauracion.com\/empresa\/wp-content\/uploads\/12-Empresa-de-restauraci\u00f3n-de-metales.jpg 737w\" width=\"520\" height=\"400\" title=\"\"><\/div><\/div><\/div><div class=\"wpex-slider-thumbnails sp-thumbnails\"><img data-no-lazy=\"1\" class=\"wpex-slider-thumbnail sp-thumbnail skip-lazy\" src=\"https:\/\/www.gaiarestauracion.com\/empresa\/wp-content\/uploads\/13-Empresa-de-restauraci\u00f3n-de-metales-520x400.jpg\" alt=\"\" srcset=\"https:\/\/www.gaiarestauracion.com\/empresa\/wp-content\/uploads\/13-Empresa-de-restauraci\u00f3n-de-metales-520x400.jpg 520w, https:\/\/www.gaiarestauracion.com\/empresa\/wp-content\/uploads\/13-Empresa-de-restauraci\u00f3n-de-metales-300x231.jpg 300w, https:\/\/www.gaiarestauracion.com\/empresa\/wp-content\/uploads\/13-Empresa-de-restauraci\u00f3n-de-metales.jpg 737w\" width=\"520\" height=\"400\" title=\"\"><img data-no-lazy=\"1\" class=\"wpex-slider-thumbnail sp-thumbnail skip-lazy\" src=\"https:\/\/www.gaiarestauracion.com\/empresa\/wp-content\/uploads\/1-Empresa-de-restauraci\u00f3n-de-metales-520x400.jpg\" alt=\"\" srcset=\"https:\/\/www.gaiarestauracion.com\/empresa\/wp-content\/uploads\/1-Empresa-de-restauraci\u00f3n-de-metales-520x400.jpg 520w, https:\/\/www.gaiarestauracion.com\/empresa\/wp-content\/uploads\/1-Empresa-de-restauraci\u00f3n-de-metales-300x231.jpg 300w, https:\/\/www.gaiarestauracion.com\/empresa\/wp-content\/uploads\/1-Empresa-de-restauraci\u00f3n-de-metales.jpg 737w\" width=\"520\" height=\"400\" title=\"\"><img data-no-lazy=\"1\" class=\"wpex-slider-thumbnail sp-thumbnail skip-lazy\" src=\"https:\/\/www.gaiarestauracion.com\/empresa\/wp-content\/uploads\/2-Empresa-de-restauraci\u00f3n-de-metales-520x400.jpg\" alt=\"\" srcset=\"https:\/\/www.gaiarestauracion.com\/empresa\/wp-content\/uploads\/2-Empresa-de-restauraci\u00f3n-de-metales-520x400.jpg 520w, https:\/\/www.gaiarestauracion.com\/empresa\/wp-content\/uploads\/2-Empresa-de-restauraci\u00f3n-de-metales-300x231.jpg 300w, https:\/\/www.gaiarestauracion.com\/empresa\/wp-content\/uploads\/2-Empresa-de-restauraci\u00f3n-de-metales.jpg 737w\" width=\"520\" height=\"400\" title=\"\"><img data-no-lazy=\"1\" class=\"wpex-slider-thumbnail sp-thumbnail skip-lazy\" src=\"https:\/\/www.gaiarestauracion.com\/empresa\/wp-content\/uploads\/3-Empresa-de-restauraci\u00f3n-de-metales-520x400.jpg\" alt=\"\" srcset=\"https:\/\/www.gaiarestauracion.com\/empresa\/wp-content\/uploads\/3-Empresa-de-restauraci\u00f3n-de-metales-520x400.jpg 520w, https:\/\/www.gaiarestauracion.com\/empresa\/wp-content\/uploads\/3-Empresa-de-restauraci\u00f3n-de-metales-300x231.jpg 300w, https:\/\/www.gaiarestauracion.com\/empresa\/wp-content\/uploads\/3-Empresa-de-restauraci\u00f3n-de-metales.jpg 737w\" width=\"520\" height=\"400\" title=\"\"><img data-no-lazy=\"1\" class=\"wpex-slider-thumbnail sp-thumbnail skip-lazy\" src=\"https:\/\/www.gaiarestauracion.com\/empresa\/wp-content\/uploads\/4-Empresa-de-restauraci\u00f3n-de-metales-520x400.jpg\" alt=\"\" srcset=\"https:\/\/www.gaiarestauracion.com\/empresa\/wp-content\/uploads\/4-Empresa-de-restauraci\u00f3n-de-metales-520x400.jpg 520w, https:\/\/www.gaiarestauracion.com\/empresa\/wp-content\/uploads\/4-Empresa-de-restauraci\u00f3n-de-metales-300x231.jpg 300w, https:\/\/www.gaiarestauracion.com\/empresa\/wp-content\/uploads\/4-Empresa-de-restauraci\u00f3n-de-metales.jpg 737w\" width=\"520\" height=\"400\" title=\"\"><img data-no-lazy=\"1\" class=\"wpex-slider-thumbnail sp-thumbnail skip-lazy\" src=\"https:\/\/www.gaiarestauracion.com\/empresa\/wp-content\/uploads\/5-Empresa-de-restauraci\u00f3n-de-metales-520x400.jpg\" alt=\"\" srcset=\"https:\/\/www.gaiarestauracion.com\/empresa\/wp-content\/uploads\/5-Empresa-de-restauraci\u00f3n-de-metales-520x400.jpg 520w, https:\/\/www.gaiarestauracion.com\/empresa\/wp-content\/uploads\/5-Empresa-de-restauraci\u00f3n-de-metales-300x231.jpg 300w, https:\/\/www.gaiarestauracion.com\/empresa\/wp-content\/uploads\/5-Empresa-de-restauraci\u00f3n-de-metales.jpg 737w\" width=\"520\" height=\"400\" title=\"\"><img data-no-lazy=\"1\" class=\"wpex-slider-thumbnail sp-thumbnail skip-lazy\" src=\"https:\/\/www.gaiarestauracion.com\/empresa\/wp-content\/uploads\/16-Empresa-de-restauraci\u00f3n-de-metales-520x400.jpg\" alt=\"\" srcset=\"https:\/\/www.gaiarestauracion.com\/empresa\/wp-content\/uploads\/16-Empresa-de-restauraci\u00f3n-de-metales-520x400.jpg 520w, https:\/\/www.gaiarestauracion.com\/empresa\/wp-content\/uploads\/16-Empresa-de-restauraci\u00f3n-de-metales-300x231.jpg 300w, https:\/\/www.gaiarestauracion.com\/empresa\/wp-content\/uploads\/16-Empresa-de-restauraci\u00f3n-de-metales.jpg 737w\" width=\"520\" height=\"400\" title=\"\"><img data-no-lazy=\"1\" class=\"wpex-slider-thumbnail sp-thumbnail skip-lazy\" src=\"https:\/\/www.gaiarestauracion.com\/empresa\/wp-content\/uploads\/8-Empresa-de-restauraci\u00f3n-de-metales-520x400.jpg\" alt=\"\" srcset=\"https:\/\/www.gaiarestauracion.com\/empresa\/wp-content\/uploads\/8-Empresa-de-restauraci\u00f3n-de-metales-520x400.jpg 520w, https:\/\/www.gaiarestauracion.com\/empresa\/wp-content\/uploads\/8-Empresa-de-restauraci\u00f3n-de-metales-300x231.jpg 300w, https:\/\/www.gaiarestauracion.com\/empresa\/wp-content\/uploads\/8-Empresa-de-restauraci\u00f3n-de-metales.jpg 737w\" width=\"520\" height=\"400\" title=\"\"><img data-no-lazy=\"1\" class=\"wpex-slider-thumbnail sp-thumbnail skip-lazy\" src=\"https:\/\/www.gaiarestauracion.com\/empresa\/wp-content\/uploads\/6-Empresa-de-restauraci\u00f3n-de-metales-520x400.jpg\" alt=\"\" srcset=\"https:\/\/www.gaiarestauracion.com\/empresa\/wp-content\/uploads\/6-Empresa-de-restauraci\u00f3n-de-metales-520x400.jpg 520w, https:\/\/www.gaiarestauracion.com\/empresa\/wp-content\/uploads\/6-Empresa-de-restauraci\u00f3n-de-metales-300x231.jpg 300w, https:\/\/www.gaiarestauracion.com\/empresa\/wp-content\/uploads\/6-Empresa-de-restauraci\u00f3n-de-metales.jpg 737w\" width=\"520\" height=\"400\" title=\"\"><img data-no-lazy=\"1\" class=\"wpex-slider-thumbnail sp-thumbnail skip-lazy\" src=\"https:\/\/www.gaiarestauracion.com\/empresa\/wp-content\/uploads\/7-Empresa-de-restauraci\u00f3n-de-metales-520x400.jpg\" alt=\"\" srcset=\"https:\/\/www.gaiarestauracion.com\/empresa\/wp-content\/uploads\/7-Empresa-de-restauraci\u00f3n-de-metales-520x400.jpg 520w, https:\/\/www.gaiarestauracion.com\/empresa\/wp-content\/uploads\/7-Empresa-de-restauraci\u00f3n-de-metales-300x231.jpg 300w, https:\/\/www.gaiarestauracion.com\/empresa\/wp-content\/uploads\/7-Empresa-de-restauraci\u00f3n-de-metales.jpg 737w\" width=\"520\" height=\"400\" title=\"\"><img data-no-lazy=\"1\" class=\"wpex-slider-thumbnail sp-thumbnail skip-lazy\" src=\"https:\/\/www.gaiarestauracion.com\/empresa\/wp-content\/uploads\/9-Empresa-de-restauraci\u00f3n-de-metales-520x400.jpg\" alt=\"\" srcset=\"https:\/\/www.gaiarestauracion.com\/empresa\/wp-content\/uploads\/9-Empresa-de-restauraci\u00f3n-de-metales-520x400.jpg 520w, https:\/\/www.gaiarestauracion.com\/empresa\/wp-content\/uploads\/9-Empresa-de-restauraci\u00f3n-de-metales-300x231.jpg 300w, https:\/\/www.gaiarestauracion.com\/empresa\/wp-content\/uploads\/9-Empresa-de-restauraci\u00f3n-de-metales.jpg 737w\" width=\"520\" height=\"400\" title=\"\"><img data-no-lazy=\"1\" class=\"wpex-slider-thumbnail sp-thumbnail skip-lazy\" src=\"https:\/\/www.gaiarestauracion.com\/empresa\/wp-content\/uploads\/10-Empresa-de-restauraci\u00f3n-de-metales-520x400.jpg\" alt=\"\" srcset=\"https:\/\/www.gaiarestauracion.com\/empresa\/wp-content\/uploads\/10-Empresa-de-restauraci\u00f3n-de-metales-520x400.jpg 520w, https:\/\/www.gaiarestauracion.com\/empresa\/wp-content\/uploads\/10-Empresa-de-restauraci\u00f3n-de-metales-300x231.jpg 300w, https:\/\/www.gaiarestauracion.com\/empresa\/wp-content\/uploads\/10-Empresa-de-restauraci\u00f3n-de-metales.jpg 737w\" width=\"520\" height=\"400\" title=\"\"><img data-no-lazy=\"1\" class=\"wpex-slider-thumbnail sp-thumbnail skip-lazy\" src=\"https:\/\/www.gaiarestauracion.com\/empresa\/wp-content\/uploads\/11-Empresa-de-restauraci\u00f3n-de-metales-520x400.jpg\" alt=\"\" srcset=\"https:\/\/www.gaiarestauracion.com\/empresa\/wp-content\/uploads\/11-Empresa-de-restauraci\u00f3n-de-metales-520x400.jpg 520w, https:\/\/www.gaiarestauracion.com\/empresa\/wp-content\/uploads\/11-Empresa-de-restauraci\u00f3n-de-metales-300x231.jpg 300w, https:\/\/www.gaiarestauracion.com\/empresa\/wp-content\/uploads\/11-Empresa-de-restauraci\u00f3n-de-metales.jpg 737w\" width=\"520\" height=\"400\" title=\"\"><img data-no-lazy=\"1\" class=\"wpex-slider-thumbnail sp-thumbnail skip-lazy\" src=\"https:\/\/www.gaiarestauracion.com\/empresa\/wp-content\/uploads\/12-Empresa-de-restauraci\u00f3n-de-metales-520x400.jpg\" alt=\"\" srcset=\"https:\/\/www.gaiarestauracion.com\/empresa\/wp-content\/uploads\/12-Empresa-de-restauraci\u00f3n-de-metales-520x400.jpg 520w, https:\/\/www.gaiarestauracion.com\/empresa\/wp-content\/uploads\/12-Empresa-de-restauraci\u00f3n-de-metales-300x231.jpg 300w, https:\/\/www.gaiarestauracion.com\/empresa\/wp-content\/uploads\/12-Empresa-de-restauraci\u00f3n-de-metales.jpg 737w\" width=\"520\" height=\"400\" title=\"\"><\/div><\/div>[\/vc_column][\/vc_row]\n<\/div>","protected":false},"excerpt":{"rendered":"<p>[vc_row][vc_column][\/vc_column][\/vc_row][vc_row][vc_column width=\u00bb1\/2&#8243;][vc_column_text] Restauraci\u00f3n de custodias, cruces procesionales, objetos arqueol\u00f3gicos y etnol\u00f3gicos, etc: Es necesario conocer en profundidad la naturaleza de este tipo de materiales y sus patolog\u00edas espec\u00edficas para poder abordar su intervenci\u00f3n restauradora de la manera m\u00e1s respetuosa y eficaz posible, recuperando as\u00ed parte de nuestra propia historia. Plata, oro, lat\u00f3n, bronce y esta\u00f1o:&hellip;<\/p>\n","protected":false},"author":1,"featured_media":0,"parent":0,"menu_order":0,"comment_status":"closed","ping_status":"closed","template":"","meta":{"footnotes":""},"_links":{"self":[{"href":"https:\/\/www.gaiarestauracion.com\/empresa\/wp-json\/wp\/v2\/pages\/16"}],"collection":[{"href":"https:\/\/www.gaiarestauracion.com\/empresa\/wp-json\/wp\/v2\/pages"}],"about":[{"href":"https:\/\/www.gaiarestauracion.com\/empresa\/wp-json\/wp\/v2\/types\/page"}],"author":[{"embeddable":true,"href":"https:\/\/www.gaiarestauracion.com\/empresa\/wp-json\/wp\/v2\/users\/1"}],"replies":[{"embeddable":true,"href":"https:\/\/www.gaiarestauracion.com\/empresa\/wp-json\/wp\/v2\/comments?post=16"}],"version-history":[{"count":14,"href":"https:\/\/www.gaiarestauracion.com\/empresa\/wp-json\/wp\/v2\/pages\/16\/revisions"}],"predecessor-version":[{"id":1227,"href":"https:\/\/www.gaiarestauracion.com\/empresa\/wp-json\/wp\/v2\/pages\/16\/revisions\/1227"}],"wp:attachment":[{"href":"https:\/\/www.gaiarestauracion.com\/empresa\/wp-json\/wp\/v2\/media?parent=16"}],"curies":[{"name":"wp","href":"https:\/\/api.w.org\/{rel}","templated":true}]}}