{"id":133,"date":"2016-03-21T09:18:01","date_gmt":"2016-03-21T09:18:01","guid":{"rendered":"http:\/\/www.gaiarestauracion.com\/empresa\/?page_id=133"},"modified":"2024-06-28T07:29:50","modified_gmt":"2024-06-28T07:29:50","slug":"presentacion-2","status":"publish","type":"page","link":"https:\/\/www.gaiarestauracion.com\/empresa\/presentacion-2\/","title":{"rendered":"PRESENTACI\u00d3N"},"content":{"rendered":"<div class=\"wpb-content-wrapper\">[vc_row][vc_column]<style>.vcex-heading.vcex_69f0cbb51024e{font-family:'Trebuchet MS', Helvetica, sans-serif;font-weight:400;line-height:110%;}<\/style><h2 class=\"vcex-heading vcex-heading-plain vcex-module wpex-heading wpex-text-2xl wpex-text-left wpex-italic vcex_69f0cbb51024e\"><span class=\"vcex-heading-inner wpex-block\"><span class=\"wpex-responsive-txt\" data-max-font-size=\"41\" data-data-min-font-size=\"24\">25 a\u00f1os de experiencia al servicio del Patrimonio<\/span><\/span><\/h2>[\/vc_column][\/vc_row][vc_row][vc_column width=\u00bb1\/2&#8243;]<div class=\"vcex-video wpex-bg-black\" data-vcex-video-type=\"youtube\"><div class=\"vcex-video-inner wpex-relative\"><iframe class=\"wpex-block wpex-w-100 wpex-h-100 wpex-aspect-16-9\" src=\"https:\/\/youtube.com\/embed\/a6UVlZRmKVY\" title=\"\" frameborder=\"0\" allow=\"accelerometer; autoplay; clipboard-write; encrypted-media; gyroscope; picture-in-picture; web-share\" allowfullscreen loading=\"lazy\"><\/iframe><\/div><\/div>[\/vc_column][vc_column width=\u00bb1\/2&#8243;][vc_column_text]<strong>Gaia<\/strong> es una empresa l\u00edder en el campo de la restauraci\u00f3n de patrimonio y arte en la Comunidad Valenciana. Fundada en 1990, acumula una experiencia \u00fanica que le permite abordar cualquier tipo de intervenci\u00f3n (pintura, escultura, mobiliario, piedra,rehabilitaci\u00f3n, etc.) con recursos y experiencia suficiente para garantizar unos resultados \u00fanicos.<\/p>\n<h3><strong>Concienciados con la recuperaci\u00f3n del Patrimonio:<\/strong><\/h3>\n<p>Mediante su labor contribuye a la preservaci\u00f3n de nuestro patrimonio art\u00edstico y cultural, colaborando a su vez en la difusi\u00f3n de su conocimiento y valoraci\u00f3n. En la historia de Gaia sobresalen tanto proyectos complejos (rehabilitaciones completas de iglesias, palacios, etc..) ejecutados, dirigidos y coordinados por\u00a0Gaia, \u00a0trabajos para instituciones p\u00fablicas, ayuntamientos, entidades religiosas, y cofrad\u00edas, junto con la atenci\u00f3n al cliente particular.<\/p>\n<h3><strong>Laboratorio propio de an\u00e1lisis de materiales:<\/strong><\/h3>\n<p>Gaia cuenta con un laboratorio propio para realizar el an\u00e1lisis de materiales. Trabajando con micromuestras, \u00a0podemos estudiar e identificar aglutinantes, pigmentos, morteros, enlucidos, fibras de madera y textiles. Tambi\u00e9n contamos con fotograf\u00eda infrarroja y ultravioleta.<\/p>\n<h3><strong>Curriculum y experiencia incomparable en restauraci\u00f3n:<br \/>\n<\/strong><\/h3>\n<p>Tras 25 a\u00f1os de experiencia, en nuestro \u00abcurr\u00edculum\u00bb sobresalen infinidad de\u00a0retablos restaurados, pinturas murales, pasos procesionales, mobiliario, y esculturas. Igualmente Gaia ha restaurado gran n\u00famero de pinturas sobre lienzo y tabla de autores de la talla de Ribalta,\u00a0Sorolla, Benlliure y Rubens.<\/p>\n<h3><strong>Clasificaci\u00f3n como contratista:<\/strong><\/h3>\n<p>Gaia\u00a0cuenta con la clasificaci\u00f3n N &#8211; 5, como empresa contratista\u00a0del estado.<\/p>\n<h3>Principios \u00e9ticos de intervenci\u00f3n:<\/h3>\n<p>Los principios en los que nos basamos para realizar nuestras\u00a0intervenciones son:<\/p>\n<ul>\n<li><strong>Fidelidad<\/strong> a la obra original.<\/li>\n<li><strong>Reversibilidad<\/strong> en todos los materiales que se empleen.<\/li>\n<li><strong>Legibilidad<\/strong> en la reintegraci\u00f3n y reposici\u00f3n de elementos desaparecidos.<\/li>\n<li><strong>M\u00e1xima<\/strong> durabilidad y calidad en los materiales a emplear, para evitar as\u00ed su pronto deterioro y la necesidad de futuras y repetidas intervenciones en la obra ya restaurada.<\/li>\n<li><strong>M\u00ednima intervenci\u00f3n<\/strong> necesaria.<\/li>\n<li><strong>M\u00e1xima profesionalida<\/strong>d y experiencia de los restauradores que intervienen.<\/li>\n<\/ul>\n<p>Gracias\u00a0a la estricta aplicaci\u00f3n de estas normas, <strong>garantizamos absolutamente<\/strong> todas nuestras intervenciones.[\/vc_column_text][\/vc_column][\/vc_row][vc_row][vc_column width=\u00bb1\/6&#8243;][\/vc_column][vc_column width=\u00bb2\/3&#8243;]<style>.vcex-heading.vcex_69f0cbb5120de{font-family:'Trebuchet MS', Helvetica, sans-serif;font-weight:400;}<\/style><h3 class=\"vcex-heading vcex-heading-plain vcex-module wpex-heading wpex-text-2xl wpex-italic vcex_69f0cbb5120de\"><span class=\"vcex-heading-inner wpex-inline-block\">Galer\u00eda de trabajos realizados:<\/span><\/h3><div class=\"wpex-slider-preloaderimg wpex-relative\"><img width=\"456\" height=\"272\" src=\"https:\/\/www.gaiarestauracion.com\/empresa\/wp-content\/uploads\/Imagen1.jpg\" class=\"skip-lazy\" alt=\"\" data-no-lazy=\"1\" srcset=\"https:\/\/www.gaiarestauracion.com\/empresa\/wp-content\/uploads\/Imagen1.jpg 456w, https:\/\/www.gaiarestauracion.com\/empresa\/wp-content\/uploads\/Imagen1-300x179.jpg 300w\" sizes=\"(max-width: 456px) 100vw, 456px\" title=\"\"><\/div><div class=\"vcex-image-slider vcex-module wpex-slider slider-pro wpex-clr\" data-auto-play-delay=\"5000\" data-thumbnails=\"true\" data-animation-speed=\"600\" data-height-animation-duration=\"500\" data-thumbnail-height=\"70\" data-thumbnail-width=\"70\"><div class=\"wpex-slider-slides sp-slides\"><div class=\"wpex-slider-slide sp-slide\"><div class=\"wpex-slider-media wpex-relative\"><img width=\"456\" height=\"272\" src=\"https:\/\/www.gaiarestauracion.com\/empresa\/wp-content\/uploads\/Imagen1.jpg\" class=\"skip-lazy\" alt=\"\" data-no-lazy=\"1\" srcset=\"https:\/\/www.gaiarestauracion.com\/empresa\/wp-content\/uploads\/Imagen1.jpg 456w, https:\/\/www.gaiarestauracion.com\/empresa\/wp-content\/uploads\/Imagen1-300x179.jpg 300w\" sizes=\"(max-width: 456px) 100vw, 456px\" title=\"\"><\/div><\/div><div class=\"wpex-slider-slide sp-slide\"><div class=\"wpex-slider-media wpex-relative\"><img width=\"1920\" height=\"1440\" src=\"https:\/\/www.gaiarestauracion.com\/empresa\/wp-content\/uploads\/limpieza-47-e1764761425380.jpg\" class=\"skip-lazy\" alt=\"\" data-no-lazy=\"1\" title=\"\"><\/div><\/div><div class=\"wpex-slider-slide sp-slide\"><div class=\"wpex-slider-media wpex-relative\"><img width=\"467\" height=\"622\" src=\"https:\/\/www.gaiarestauracion.com\/empresa\/wp-content\/uploads\/untitled-25.bmp\" class=\"skip-lazy\" alt=\"\" data-no-lazy=\"1\" srcset=\"https:\/\/www.gaiarestauracion.com\/empresa\/wp-content\/uploads\/untitled-25.bmp 467w, https:\/\/www.gaiarestauracion.com\/empresa\/wp-content\/uploads\/untitled-25-225x300.bmp 225w\" sizes=\"(max-width: 467px) 100vw, 467px\" title=\"\"><\/div><\/div><div class=\"wpex-slider-slide sp-slide\"><div class=\"wpex-slider-media wpex-relative\"><img width=\"475\" height=\"642\" src=\"https:\/\/www.gaiarestauracion.com\/empresa\/wp-content\/uploads\/restauraci\u00f3n-de-madera-y-muebles-2.jpg\" class=\"skip-lazy\" alt=\"\" data-no-lazy=\"1\" srcset=\"https:\/\/www.gaiarestauracion.com\/empresa\/wp-content\/uploads\/restauraci\u00f3n-de-madera-y-muebles-2.jpg 475w, https:\/\/www.gaiarestauracion.com\/empresa\/wp-content\/uploads\/restauraci\u00f3n-de-madera-y-muebles-2-222x300.jpg 222w, https:\/\/www.gaiarestauracion.com\/empresa\/wp-content\/uploads\/restauraci\u00f3n-de-madera-y-muebles-2-296x400.jpg 296w\" sizes=\"(max-width: 475px) 100vw, 475px\" title=\"\"><\/div><\/div><div class=\"wpex-slider-slide sp-slide\"><div class=\"wpex-slider-media wpex-relative\"><img width=\"792\" height=\"433\" src=\"https:\/\/www.gaiarestauracion.com\/empresa\/wp-content\/uploads\/laboratorio-3.jpg\" class=\"skip-lazy\" alt=\"\" data-no-lazy=\"1\" srcset=\"https:\/\/www.gaiarestauracion.com\/empresa\/wp-content\/uploads\/laboratorio-3.jpg 792w, https:\/\/www.gaiarestauracion.com\/empresa\/wp-content\/uploads\/laboratorio-3-300x164.jpg 300w, https:\/\/www.gaiarestauracion.com\/empresa\/wp-content\/uploads\/laboratorio-3-768x420.jpg 768w\" sizes=\"(max-width: 792px) 100vw, 792px\" title=\"\"><\/div><\/div><div class=\"wpex-slider-slide sp-slide\"><div class=\"wpex-slider-media wpex-relative\"><img width=\"695\" height=\"423\" src=\"https:\/\/www.gaiarestauracion.com\/empresa\/wp-content\/uploads\/restauracion-de-pintura-sob.jpg\" class=\"skip-lazy\" alt=\"\" data-no-lazy=\"1\" srcset=\"https:\/\/www.gaiarestauracion.com\/empresa\/wp-content\/uploads\/restauracion-de-pintura-sob.jpg 695w, https:\/\/www.gaiarestauracion.com\/empresa\/wp-content\/uploads\/restauracion-de-pintura-sob-300x183.jpg 300w\" sizes=\"(max-width: 695px) 100vw, 695px\" title=\"\"><\/div><\/div><div class=\"wpex-slider-slide sp-slide\"><div class=\"wpex-slider-media wpex-relative\"><img width=\"640\" height=\"313\" src=\"https:\/\/www.gaiarestauracion.com\/empresa\/wp-content\/uploads\/cropped-Curso-de-restauraci\u00f3n-de-pintura-mural-12.jpg\" class=\"skip-lazy\" alt=\"\" data-no-lazy=\"1\" srcset=\"https:\/\/www.gaiarestauracion.com\/empresa\/wp-content\/uploads\/cropped-Curso-de-restauraci\u00f3n-de-pintura-mural-12.jpg 640w, https:\/\/www.gaiarestauracion.com\/empresa\/wp-content\/uploads\/cropped-Curso-de-restauraci\u00f3n-de-pintura-mural-12-300x147.jpg 300w\" sizes=\"(max-width: 640px) 100vw, 640px\" title=\"\"><\/div><\/div><div class=\"wpex-slider-slide sp-slide\"><div class=\"wpex-slider-media wpex-relative\"><img width=\"737\" height=\"567\" src=\"https:\/\/www.gaiarestauracion.com\/empresa\/wp-content\/uploads\/19-Empresa-de-restauracion-de-textil.jpg\" class=\"skip-lazy\" alt=\"\" data-no-lazy=\"1\" srcset=\"https:\/\/www.gaiarestauracion.com\/empresa\/wp-content\/uploads\/19-Empresa-de-restauracion-de-textil.jpg 737w, https:\/\/www.gaiarestauracion.com\/empresa\/wp-content\/uploads\/19-Empresa-de-restauracion-de-textil-300x231.jpg 300w, https:\/\/www.gaiarestauracion.com\/empresa\/wp-content\/uploads\/19-Empresa-de-restauracion-de-textil-520x400.jpg 520w\" sizes=\"(max-width: 737px) 100vw, 737px\" title=\"\"><\/div><\/div><div class=\"wpex-slider-slide sp-slide\"><div class=\"wpex-slider-media wpex-relative\"><img width=\"737\" height=\"992\" src=\"https:\/\/www.gaiarestauracion.com\/empresa\/wp-content\/uploads\/25-Empresa-de-restauracion-de-tabla-y-retablo.jpg\" class=\"skip-lazy\" alt=\"\" data-no-lazy=\"1\" srcset=\"https:\/\/www.gaiarestauracion.com\/empresa\/wp-content\/uploads\/25-Empresa-de-restauracion-de-tabla-y-retablo.jpg 737w, https:\/\/www.gaiarestauracion.com\/empresa\/wp-content\/uploads\/25-Empresa-de-restauracion-de-tabla-y-retablo-223x300.jpg 223w, https:\/\/www.gaiarestauracion.com\/empresa\/wp-content\/uploads\/25-Empresa-de-restauracion-de-tabla-y-retablo-297x400.jpg 297w\" sizes=\"(max-width: 737px) 100vw, 737px\" title=\"\"><\/div><\/div><div class=\"wpex-slider-slide sp-slide\"><div class=\"wpex-slider-media wpex-relative\"><img width=\"737\" height=\"1134\" src=\"https:\/\/www.gaiarestauracion.com\/empresa\/wp-content\/uploads\/37-Empresa-de-restauracion-de-tabla-y-retablo.jpg\" class=\"skip-lazy\" alt=\"\" data-no-lazy=\"1\" srcset=\"https:\/\/www.gaiarestauracion.com\/empresa\/wp-content\/uploads\/37-Empresa-de-restauracion-de-tabla-y-retablo.jpg 737w, https:\/\/www.gaiarestauracion.com\/empresa\/wp-content\/uploads\/37-Empresa-de-restauracion-de-tabla-y-retablo-195x300.jpg 195w, https:\/\/www.gaiarestauracion.com\/empresa\/wp-content\/uploads\/37-Empresa-de-restauracion-de-tabla-y-retablo-666x1024.jpg 666w, https:\/\/www.gaiarestauracion.com\/empresa\/wp-content\/uploads\/37-Empresa-de-restauracion-de-tabla-y-retablo-260x400.jpg 260w\" sizes=\"(max-width: 737px) 100vw, 737px\" title=\"\"><\/div><\/div><\/div><div class=\"wpex-slider-thumbnails sp-thumbnails\"><img width=\"456\" height=\"272\" src=\"https:\/\/www.gaiarestauracion.com\/empresa\/wp-content\/uploads\/Imagen1.jpg\" class=\"wpex-slider-thumbnail sp-thumbnail skip-lazy\" alt=\"\" data-no-lazy=\"1\" srcset=\"https:\/\/www.gaiarestauracion.com\/empresa\/wp-content\/uploads\/Imagen1.jpg 456w, https:\/\/www.gaiarestauracion.com\/empresa\/wp-content\/uploads\/Imagen1-300x179.jpg 300w\" sizes=\"(max-width: 456px) 100vw, 456px\" title=\"\"><img width=\"1920\" height=\"1440\" src=\"https:\/\/www.gaiarestauracion.com\/empresa\/wp-content\/uploads\/limpieza-47-e1764761425380.jpg\" class=\"wpex-slider-thumbnail sp-thumbnail skip-lazy\" alt=\"\" data-no-lazy=\"1\" title=\"\"><img width=\"467\" height=\"622\" src=\"https:\/\/www.gaiarestauracion.com\/empresa\/wp-content\/uploads\/untitled-25.bmp\" class=\"wpex-slider-thumbnail sp-thumbnail skip-lazy\" alt=\"\" data-no-lazy=\"1\" srcset=\"https:\/\/www.gaiarestauracion.com\/empresa\/wp-content\/uploads\/untitled-25.bmp 467w, https:\/\/www.gaiarestauracion.com\/empresa\/wp-content\/uploads\/untitled-25-225x300.bmp 225w\" sizes=\"(max-width: 467px) 100vw, 467px\" title=\"\"><img width=\"475\" height=\"642\" src=\"https:\/\/www.gaiarestauracion.com\/empresa\/wp-content\/uploads\/restauraci\u00f3n-de-madera-y-muebles-2.jpg\" class=\"wpex-slider-thumbnail sp-thumbnail skip-lazy\" alt=\"\" data-no-lazy=\"1\" srcset=\"https:\/\/www.gaiarestauracion.com\/empresa\/wp-content\/uploads\/restauraci\u00f3n-de-madera-y-muebles-2.jpg 475w, https:\/\/www.gaiarestauracion.com\/empresa\/wp-content\/uploads\/restauraci\u00f3n-de-madera-y-muebles-2-222x300.jpg 222w, https:\/\/www.gaiarestauracion.com\/empresa\/wp-content\/uploads\/restauraci\u00f3n-de-madera-y-muebles-2-296x400.jpg 296w\" sizes=\"(max-width: 475px) 100vw, 475px\" title=\"\"><img width=\"792\" height=\"433\" src=\"https:\/\/www.gaiarestauracion.com\/empresa\/wp-content\/uploads\/laboratorio-3.jpg\" class=\"wpex-slider-thumbnail sp-thumbnail skip-lazy\" alt=\"\" data-no-lazy=\"1\" srcset=\"https:\/\/www.gaiarestauracion.com\/empresa\/wp-content\/uploads\/laboratorio-3.jpg 792w, https:\/\/www.gaiarestauracion.com\/empresa\/wp-content\/uploads\/laboratorio-3-300x164.jpg 300w, https:\/\/www.gaiarestauracion.com\/empresa\/wp-content\/uploads\/laboratorio-3-768x420.jpg 768w\" sizes=\"(max-width: 792px) 100vw, 792px\" title=\"\"><img width=\"695\" height=\"423\" src=\"https:\/\/www.gaiarestauracion.com\/empresa\/wp-content\/uploads\/restauracion-de-pintura-sob.jpg\" class=\"wpex-slider-thumbnail sp-thumbnail skip-lazy\" alt=\"\" data-no-lazy=\"1\" srcset=\"https:\/\/www.gaiarestauracion.com\/empresa\/wp-content\/uploads\/restauracion-de-pintura-sob.jpg 695w, https:\/\/www.gaiarestauracion.com\/empresa\/wp-content\/uploads\/restauracion-de-pintura-sob-300x183.jpg 300w\" sizes=\"(max-width: 695px) 100vw, 695px\" title=\"\"><img width=\"640\" height=\"313\" src=\"https:\/\/www.gaiarestauracion.com\/empresa\/wp-content\/uploads\/cropped-Curso-de-restauraci\u00f3n-de-pintura-mural-12.jpg\" class=\"wpex-slider-thumbnail sp-thumbnail skip-lazy\" alt=\"\" data-no-lazy=\"1\" srcset=\"https:\/\/www.gaiarestauracion.com\/empresa\/wp-content\/uploads\/cropped-Curso-de-restauraci\u00f3n-de-pintura-mural-12.jpg 640w, https:\/\/www.gaiarestauracion.com\/empresa\/wp-content\/uploads\/cropped-Curso-de-restauraci\u00f3n-de-pintura-mural-12-300x147.jpg 300w\" sizes=\"(max-width: 640px) 100vw, 640px\" title=\"\"><img width=\"737\" height=\"567\" src=\"https:\/\/www.gaiarestauracion.com\/empresa\/wp-content\/uploads\/19-Empresa-de-restauracion-de-textil.jpg\" class=\"wpex-slider-thumbnail sp-thumbnail skip-lazy\" alt=\"\" data-no-lazy=\"1\" srcset=\"https:\/\/www.gaiarestauracion.com\/empresa\/wp-content\/uploads\/19-Empresa-de-restauracion-de-textil.jpg 737w, https:\/\/www.gaiarestauracion.com\/empresa\/wp-content\/uploads\/19-Empresa-de-restauracion-de-textil-300x231.jpg 300w, https:\/\/www.gaiarestauracion.com\/empresa\/wp-content\/uploads\/19-Empresa-de-restauracion-de-textil-520x400.jpg 520w\" sizes=\"(max-width: 737px) 100vw, 737px\" title=\"\"><img width=\"737\" height=\"992\" src=\"https:\/\/www.gaiarestauracion.com\/empresa\/wp-content\/uploads\/25-Empresa-de-restauracion-de-tabla-y-retablo.jpg\" class=\"wpex-slider-thumbnail sp-thumbnail skip-lazy\" alt=\"\" data-no-lazy=\"1\" srcset=\"https:\/\/www.gaiarestauracion.com\/empresa\/wp-content\/uploads\/25-Empresa-de-restauracion-de-tabla-y-retablo.jpg 737w, https:\/\/www.gaiarestauracion.com\/empresa\/wp-content\/uploads\/25-Empresa-de-restauracion-de-tabla-y-retablo-223x300.jpg 223w, https:\/\/www.gaiarestauracion.com\/empresa\/wp-content\/uploads\/25-Empresa-de-restauracion-de-tabla-y-retablo-297x400.jpg 297w\" sizes=\"(max-width: 737px) 100vw, 737px\" title=\"\"><img width=\"737\" height=\"1134\" src=\"https:\/\/www.gaiarestauracion.com\/empresa\/wp-content\/uploads\/37-Empresa-de-restauracion-de-tabla-y-retablo.jpg\" class=\"wpex-slider-thumbnail sp-thumbnail skip-lazy\" alt=\"\" data-no-lazy=\"1\" srcset=\"https:\/\/www.gaiarestauracion.com\/empresa\/wp-content\/uploads\/37-Empresa-de-restauracion-de-tabla-y-retablo.jpg 737w, https:\/\/www.gaiarestauracion.com\/empresa\/wp-content\/uploads\/37-Empresa-de-restauracion-de-tabla-y-retablo-195x300.jpg 195w, https:\/\/www.gaiarestauracion.com\/empresa\/wp-content\/uploads\/37-Empresa-de-restauracion-de-tabla-y-retablo-666x1024.jpg 666w, https:\/\/www.gaiarestauracion.com\/empresa\/wp-content\/uploads\/37-Empresa-de-restauracion-de-tabla-y-retablo-260x400.jpg 260w\" sizes=\"(max-width: 737px) 100vw, 737px\" title=\"\"><\/div><\/div>[\/vc_column][vc_column width=\u00bb1\/6&#8243;][\/vc_column][\/vc_row]\n<\/div>","protected":false},"excerpt":{"rendered":"<p>[vc_row][vc_column][\/vc_column][\/vc_row][vc_row][vc_column width=\u00bb1\/2&#8243;][\/vc_column][vc_column width=\u00bb1\/2&#8243;][vc_column_text]Gaia es una empresa l\u00edder en el campo de la restauraci\u00f3n de patrimonio y arte en la Comunidad Valenciana. Fundada en 1990, acumula una experiencia \u00fanica que le permite abordar cualquier tipo de intervenci\u00f3n (pintura, escultura, mobiliario, piedra,rehabilitaci\u00f3n, etc.) con recursos y experiencia suficiente para garantizar unos resultados \u00fanicos. Concienciados con la recuperaci\u00f3n&hellip;<\/p>\n","protected":false},"author":1,"featured_media":0,"parent":0,"menu_order":0,"comment_status":"closed","ping_status":"closed","template":"","meta":{"footnotes":""},"_links":{"self":[{"href":"https:\/\/www.gaiarestauracion.com\/empresa\/wp-json\/wp\/v2\/pages\/133"}],"collection":[{"href":"https:\/\/www.gaiarestauracion.com\/empresa\/wp-json\/wp\/v2\/pages"}],"about":[{"href":"https:\/\/www.gaiarestauracion.com\/empresa\/wp-json\/wp\/v2\/types\/page"}],"author":[{"embeddable":true,"href":"https:\/\/www.gaiarestauracion.com\/empresa\/wp-json\/wp\/v2\/users\/1"}],"replies":[{"embeddable":true,"href":"https:\/\/www.gaiarestauracion.com\/empresa\/wp-json\/wp\/v2\/comments?post=133"}],"version-history":[{"count":33,"href":"https:\/\/www.gaiarestauracion.com\/empresa\/wp-json\/wp\/v2\/pages\/133\/revisions"}],"predecessor-version":[{"id":1216,"href":"https:\/\/www.gaiarestauracion.com\/empresa\/wp-json\/wp\/v2\/pages\/133\/revisions\/1216"}],"wp:attachment":[{"href":"https:\/\/www.gaiarestauracion.com\/empresa\/wp-json\/wp\/v2\/media?parent=133"}],"curies":[{"name":"wp","href":"https:\/\/api.w.org\/{rel}","templated":true}]}}